{"id":977,"date":"2022-10-05T14:33:00","date_gmt":"2022-10-05T14:33:00","guid":{"rendered":"https:\/\/aivilta.lt\/?page_id=977"},"modified":"2025-11-09T17:37:54","modified_gmt":"2025-11-09T14:37:54","slug":"front","status":"publish","type":"page","link":"https:\/\/aivilta.lt\/","title":{"rendered":"Mi\u0161ko darbai Ukmerg\u0117je"},"content":{"rendered":"<div id=\"pl-gb977-69e8f5c4d56a7\"  class=\"panel-layout\" ><div id=\"pg-gb977-69e8f5c4d56a7-0\"  class=\"panel-grid panel-has-style\" ><div style=\"padding: 100px 0; \" data-overlay=\"true\" data-overlay-color=\"#000000\" class=\"panel-row-style panel-row-style-for-gb977-69e8f5c4d56a7-0\" ><div id=\"pgc-gb977-69e8f5c4d56a7-0-0\"  class=\"panel-grid-cell\" ><div id=\"panel-gb977-69e8f5c4d56a7-0-0-0\" class=\"so-panel widget widget_text panel-first-child\" data-index=\"0\" ><div style=\"text-align: center;\" data-title-color=\"#443f3f\" data-headings-color=\"#443f3f\" class=\"panel-widget-style panel-widget-style-for-gb977-69e8f5c4d56a7-0-0-0\" >\t\t\t<div class=\"textwidget\"><p>20 met\u0173 patirties mi\u0161ko darbuose visoje Lietuvoje. Galite skambinti bet kuriuo metu +37069826262<\/p>\n<\/div>\n\t\t<\/div><\/div><div id=\"panel-gb977-69e8f5c4d56a7-0-0-1\" class=\"so-panel widget widget_sydney_services_type_b sydney_services_b_widget panel-last-child\" data-index=\"1\" ><div style=\"text-align: left;\" data-title-color=\"#443f3f\" data-headings-color=\"#443f3f\" class=\"panel-widget-style panel-widget-style-for-gb977-69e8f5c4d56a7-0-0-1\" >\t\t\t<h3 class=\"widget-title\">Mes atliekame<\/h3>\r\n\t\t\t\t<div class=\"roll-icon-list\">\r\n\t\t\t\t\t\t\t\t\t\t\t\t\t\t\t\t\t\t\t\t\t\t\t<div class=\"service clearfix \">\r\n\t\t\t\t\t\t\t<div class=\"list-item clearfix\">\r\n\t\t\t\t\t\t\t\t\t\t\t\t\t\t\t\t\t<div class=\"service-thumb\">\r\n\t\t\t\t\t\t\t\t\t\t\t\t\t\t\t\t\t\t\t\t\t<img width=\"350\" height=\"274\" src=\"https:\/\/aivilta.lt\/wp-content\/uploads\/2022\/10\/Wood.jpg\" class=\"attachment-sydney-service-thumb size-sydney-service-thumb wp-post-image\" alt=\"\" loading=\"lazy\" srcset=\"https:\/\/aivilta.lt\/wp-content\/uploads\/2022\/10\/Wood.jpg 1080w, https:\/\/aivilta.lt\/wp-content\/uploads\/2022\/10\/Wood-300x235.jpg 300w, https:\/\/aivilta.lt\/wp-content\/uploads\/2022\/10\/Wood-1024x802.jpg 1024w, https:\/\/aivilta.lt\/wp-content\/uploads\/2022\/10\/Wood-768x602.jpg 768w\" sizes=\"(max-width: 350px) 100vw, 350px\" \/>\t\t\t\t\t\t\t\t\t\t\t\t\t\t\t\t\t\t\t<\/div>\r\n\t\t\t\t\t\t\t\t\t\t\t\t\t\t\t\t<div class=\"content\">\r\n\t\t\t\t\t\t\t\t\t<h3>\r\n\t\t\t\t\t\t\t\t\t\t\t\t\t\t\t\t\t\t\t\t\tMi\u0161ko ugdymas\t\t\t\t\t\t\t\t\t\t\t\t\t\t\t\t\t\t\t<\/h3>\r\n\t\t\t\t\t\t\t\t\t\t\t\t\t\t\t\t\t\r\n\t\t\t\t\t\t\t\t\t\t<p>Atliekame \u017eeldini\u0173 ir \u017e\u0117lini\u0173 prie\u017ei\u016br\u0105, \u017eoli\u0173 ir \u017eab\u0173 \u0161alinim\u0105, u\u017etikriname optimali\u0105 aplink\u0105 mi\u0161ko vystymuisi.<\/p>\n\t\t\t\t\t\t\t\t\t\t\t\t\t\t\t\t\t<\/div><!--.info-->\t\r\n\t\t\t\t\t\t\t<\/div>\r\n\t\t\t\t\t\t<\/div>\r\n\t\t\t\t\t\t\t\t\t\t\t\t\t\t\t\t\t\t\t\t\t\t\t<div class=\"service clearfix \">\r\n\t\t\t\t\t\t\t<div class=\"list-item clearfix\">\r\n\t\t\t\t\t\t\t\t\t\t\t\t\t\t\t\t\t<div class=\"service-thumb\">\r\n\t\t\t\t\t\t\t\t\t\t\t\t\t\t\t\t\t\t\t\t\t<img width=\"350\" height=\"233\" src=\"https:\/\/aivilta.lt\/wp-content\/uploads\/2022\/10\/wallpaperflare.com_wallpaper-350x233.jpg\" class=\"attachment-sydney-service-thumb size-sydney-service-thumb wp-post-image\" alt=\"\" loading=\"lazy\" srcset=\"https:\/\/aivilta.lt\/wp-content\/uploads\/2022\/10\/wallpaperflare.com_wallpaper-350x233.jpg 350w, https:\/\/aivilta.lt\/wp-content\/uploads\/2022\/10\/wallpaperflare.com_wallpaper-300x200.jpg 300w, https:\/\/aivilta.lt\/wp-content\/uploads\/2022\/10\/wallpaperflare.com_wallpaper-1024x683.jpg 1024w, https:\/\/aivilta.lt\/wp-content\/uploads\/2022\/10\/wallpaperflare.com_wallpaper-768x512.jpg 768w, https:\/\/aivilta.lt\/wp-content\/uploads\/2022\/10\/wallpaperflare.com_wallpaper-1536x1024.jpg 1536w, https:\/\/aivilta.lt\/wp-content\/uploads\/2022\/10\/wallpaperflare.com_wallpaper-2048x1365.jpg 2048w, https:\/\/aivilta.lt\/wp-content\/uploads\/2022\/10\/wallpaperflare.com_wallpaper-1000x667.jpg 1000w, https:\/\/aivilta.lt\/wp-content\/uploads\/2022\/10\/wallpaperflare.com_wallpaper-230x153.jpg 230w, https:\/\/aivilta.lt\/wp-content\/uploads\/2022\/10\/wallpaperflare.com_wallpaper-480x320.jpg 480w\" sizes=\"(max-width: 350px) 100vw, 350px\" \/>\t\t\t\t\t\t\t\t\t\t\t\t\t\t\t\t\t\t\t<\/div>\r\n\t\t\t\t\t\t\t\t\t\t\t\t\t\t\t\t<div class=\"content\">\r\n\t\t\t\t\t\t\t\t\t<h3>\r\n\t\t\t\t\t\t\t\t\t\t\t\t\t\t\t\t\t\t\t\t\tMedienos pardavimas\t\t\t\t\t\t\t\t\t\t\t\t\t\t\t\t\t\t\t<\/h3>\r\n\t\t\t\t\t\t\t\t\t\t\t\t\t\t\t\t\t\r\n\t\t\t\t\t\t\t\t\t\t<p>Parduodame apvali\u0105 medien\u0105, taip pat \u0161akas, med\u017eius biokuro gamybai.<\/p>\n\t\t\t\t\t\t\t\t\t\t\t\t\t\t\t\t\t<\/div><!--.info-->\t\r\n\t\t\t\t\t\t\t<\/div>\r\n\t\t\t\t\t\t<\/div>\r\n\t\t\t\t\t\t\t\t\t\t\t\t\t\t\t\t\t\t\t\t\t\t\t<div class=\"service clearfix \">\r\n\t\t\t\t\t\t\t<div class=\"list-item clearfix\">\r\n\t\t\t\t\t\t\t\t\t\t\t\t\t\t\t\t\t<div class=\"service-thumb\">\r\n\t\t\t\t\t\t\t\t\t\t\t\t\t\t\t\t\t\t\t\t\t<img width=\"350\" height=\"233\" src=\"https:\/\/aivilta.lt\/wp-content\/uploads\/2022\/10\/669999-350x233.jpg\" class=\"attachment-sydney-service-thumb size-sydney-service-thumb wp-post-image\" alt=\"\" loading=\"lazy\" srcset=\"https:\/\/aivilta.lt\/wp-content\/uploads\/2022\/10\/669999-350x233.jpg 350w, https:\/\/aivilta.lt\/wp-content\/uploads\/2022\/10\/669999-300x200.jpg 300w, https:\/\/aivilta.lt\/wp-content\/uploads\/2022\/10\/669999-1024x683.jpg 1024w, https:\/\/aivilta.lt\/wp-content\/uploads\/2022\/10\/669999-768x512.jpg 768w, https:\/\/aivilta.lt\/wp-content\/uploads\/2022\/10\/669999-1536x1024.jpg 1536w, https:\/\/aivilta.lt\/wp-content\/uploads\/2022\/10\/669999-2048x1365.jpg 2048w, https:\/\/aivilta.lt\/wp-content\/uploads\/2022\/10\/669999-1000x667.jpg 1000w, https:\/\/aivilta.lt\/wp-content\/uploads\/2022\/10\/669999-230x153.jpg 230w, https:\/\/aivilta.lt\/wp-content\/uploads\/2022\/10\/669999-480x320.jpg 480w\" sizes=\"(max-width: 350px) 100vw, 350px\" \/>\t\t\t\t\t\t\t\t\t\t\t\t\t\t\t\t\t\t\t<\/div>\r\n\t\t\t\t\t\t\t\t\t\t\t\t\t\t\t\t<div class=\"content\">\r\n\t\t\t\t\t\t\t\t\t<h3>\r\n\t\t\t\t\t\t\t\t\t\t\t\t\t\t\t\t\t\t\t\t\tMi\u0161ko i\u0161ve\u017eimas ir teritorijos tvarkymas\t\t\t\t\t\t\t\t\t\t\t\t\t\t\t\t\t\t\t<\/h3>\r\n\t\t\t\t\t\t\t\t\t\t\t\t\t\t\t\t\t\r\n\t\t\t\t\t\t\t\t\t\t<p>I\u0161ve\u017eame nupjautus med\u017eius, kr\u016bmus, \u017eabus ir paliekame sutvarkyt\u0105 teritorij\u0105.<\/p>\n\t\t\t\t\t\t\t\t\t\t\t\t\t\t\t\t\t<\/div><!--.info-->\t\r\n\t\t\t\t\t\t\t<\/div>\r\n\t\t\t\t\t\t<\/div>\r\n\t\t\t\t\t\t\t\t\t\t\t\t\t\t\t\t\t\t\t\t\t\t\t<div class=\"service clearfix \">\r\n\t\t\t\t\t\t\t<div class=\"list-item clearfix\">\r\n\t\t\t\t\t\t\t\t\t\t\t\t\t\t\t\t\t<div class=\"service-thumb\">\r\n\t\t\t\t\t\t\t\t\t\t\t\t\t\t\t\t\t\t\t\t\t<a href=\"http:\/\/aivilta.lt\"><img width=\"350\" height=\"197\" src=\"https:\/\/aivilta.lt\/wp-content\/uploads\/2022\/10\/cropped-401362-350x197.jpg\" class=\"attachment-sydney-service-thumb size-sydney-service-thumb wp-post-image\" alt=\"\" loading=\"lazy\" srcset=\"https:\/\/aivilta.lt\/wp-content\/uploads\/2022\/10\/cropped-401362-350x197.jpg 350w, https:\/\/aivilta.lt\/wp-content\/uploads\/2022\/10\/cropped-401362-300x169.jpg 300w, https:\/\/aivilta.lt\/wp-content\/uploads\/2022\/10\/cropped-401362-1024x576.jpg 1024w, https:\/\/aivilta.lt\/wp-content\/uploads\/2022\/10\/cropped-401362-768x432.jpg 768w, https:\/\/aivilta.lt\/wp-content\/uploads\/2022\/10\/cropped-401362-1536x864.jpg 1536w, https:\/\/aivilta.lt\/wp-content\/uploads\/2022\/10\/cropped-401362-1000x563.jpg 1000w, https:\/\/aivilta.lt\/wp-content\/uploads\/2022\/10\/cropped-401362-230x129.jpg 230w, https:\/\/aivilta.lt\/wp-content\/uploads\/2022\/10\/cropped-401362-480x270.jpg 480w, https:\/\/aivilta.lt\/wp-content\/uploads\/2022\/10\/cropped-401362.jpg 1920w\" sizes=\"(max-width: 350px) 100vw, 350px\" \/><\/a>\t\t\t\t\t\t\t\t\t\t\t\t\t\t\t\t\t\t\t<\/div>\r\n\t\t\t\t\t\t\t\t\t\t\t\t\t\t\t\t<div class=\"content\">\r\n\t\t\t\t\t\t\t\t\t<h3>\r\n\t\t\t\t\t\t\t\t\t\t\t\t\t\t\t\t\t\t\t\t\t<a href=\"http:\/\/aivilta.lt\">Med\u017ei\u0173 pjovimas<\/a>\r\n\t\t\t\t\t\t\t\t\t\t\t\t\t\t\t\t\t\t\t<\/h3>\r\n\t\t\t\t\t\t\t\t\t\t\t\t\t\t\t\t\t\r\n\t\t\t\t\t\t\t\t\t\t<p>Saugiai \u0161aliname pavojingus ir stambius med\u017eius sunkiai pasiekiamose, rizikingose vietose \u2014 \u0161alia keli\u0173, elektros linij\u0173 ar pastat\u0173.<\/p>\n\t\t\t\t\t\t\t\t\t\t\t\t\t\t\t\t\t<\/div><!--.info-->\t\r\n\t\t\t\t\t\t\t<\/div>\r\n\t\t\t\t\t\t<\/div>\r\n\t\t\t\t\t\t\t\t\t\t\t\t\t\t\t\t\t\t\t\t\t\t\t<div class=\"service clearfix \">\r\n\t\t\t\t\t\t\t<div class=\"list-item clearfix\">\r\n\t\t\t\t\t\t\t\t\t\t\t\t\t\t\t\t\t<div class=\"service-thumb\">\r\n\t\t\t\t\t\t\t\t\t\t\t\t\t\t\t\t\t\t\t\t\t<a href=\"http:\/\/aivilta.lt\"><img width=\"350\" height=\"197\" src=\"https:\/\/aivilta.lt\/wp-content\/uploads\/2022\/10\/cropped-108850-350x197.jpg\" class=\"attachment-sydney-service-thumb size-sydney-service-thumb wp-post-image\" alt=\"\" loading=\"lazy\" srcset=\"https:\/\/aivilta.lt\/wp-content\/uploads\/2022\/10\/cropped-108850-350x197.jpg 350w, https:\/\/aivilta.lt\/wp-content\/uploads\/2022\/10\/cropped-108850-300x169.jpg 300w, https:\/\/aivilta.lt\/wp-content\/uploads\/2022\/10\/cropped-108850-1024x576.jpg 1024w, https:\/\/aivilta.lt\/wp-content\/uploads\/2022\/10\/cropped-108850-768x432.jpg 768w, https:\/\/aivilta.lt\/wp-content\/uploads\/2022\/10\/cropped-108850-1536x864.jpg 1536w, https:\/\/aivilta.lt\/wp-content\/uploads\/2022\/10\/cropped-108850-1000x563.jpg 1000w, https:\/\/aivilta.lt\/wp-content\/uploads\/2022\/10\/cropped-108850-230x129.jpg 230w, https:\/\/aivilta.lt\/wp-content\/uploads\/2022\/10\/cropped-108850-480x270.jpg 480w, https:\/\/aivilta.lt\/wp-content\/uploads\/2022\/10\/cropped-108850.jpg 1920w\" sizes=\"(max-width: 350px) 100vw, 350px\" \/><\/a>\t\t\t\t\t\t\t\t\t\t\t\t\t\t\t\t\t\t\t<\/div>\r\n\t\t\t\t\t\t\t\t\t\t\t\t\t\t\t\t<div class=\"content\">\r\n\t\t\t\t\t\t\t\t\t<h3>\r\n\t\t\t\t\t\t\t\t\t\t\t\t\t\t\t\t\t\t\t\t\t<a href=\"http:\/\/aivilta.lt\">Mi\u0161ko valymas ir nereikaling\u0173 med\u017ei\u0173 \u0161alinimas<\/a>\r\n\t\t\t\t\t\t\t\t\t\t\t\t\t\t\t\t\t\t\t<\/h3>\r\n\t\t\t\t\t\t\t\t\t\t\t\t\t\t\t\t\t\r\n\t\t\t\t\t\t\t\t\t\t<p>Atliekame visapusi\u0161k\u0105 mi\u0161k\u0173 bei sklyp\u0173 valym\u0105: nuo nereikaling\u0173 med\u017ei\u0173, kr\u016bm\u0173 ir savaime u\u017eaugusios augmenijos.<\/p>\n\t\t\t\t\t\t\t\t\t\t\t\t\t\t\t\t\t<\/div><!--.info-->\t\r\n\t\t\t\t\t\t\t<\/div>\r\n\t\t\t\t\t\t<\/div>\r\n\t\t\t\t\t\t\t\t\t\t\t\t\t\t\t\t\t\t\t\t\t\t\t<div class=\"service clearfix \">\r\n\t\t\t\t\t\t\t<div class=\"list-item clearfix\">\r\n\t\t\t\t\t\t\t\t\t\t\t\t\t\t\t\t\t<div class=\"service-thumb\">\r\n\t\t\t\t\t\t\t\t\t\t\t\t\t\t\t\t\t\t\t\t\t<a href=\"http:\/\/aivilta.lt\"><img width=\"350\" height=\"219\" src=\"https:\/\/aivilta.lt\/wp-content\/uploads\/2022\/10\/R-modified-350x219.jpg\" class=\"attachment-sydney-service-thumb size-sydney-service-thumb wp-post-image\" alt=\"\" loading=\"lazy\" srcset=\"https:\/\/aivilta.lt\/wp-content\/uploads\/2022\/10\/R-modified-350x219.jpg 350w, https:\/\/aivilta.lt\/wp-content\/uploads\/2022\/10\/R-modified-300x188.jpg 300w, https:\/\/aivilta.lt\/wp-content\/uploads\/2022\/10\/R-modified-1024x640.jpg 1024w, https:\/\/aivilta.lt\/wp-content\/uploads\/2022\/10\/R-modified-768x480.jpg 768w, https:\/\/aivilta.lt\/wp-content\/uploads\/2022\/10\/R-modified-1536x960.jpg 1536w, https:\/\/aivilta.lt\/wp-content\/uploads\/2022\/10\/R-modified-1000x625.jpg 1000w, https:\/\/aivilta.lt\/wp-content\/uploads\/2022\/10\/R-modified-230x144.jpg 230w, https:\/\/aivilta.lt\/wp-content\/uploads\/2022\/10\/R-modified-480x300.jpg 480w, https:\/\/aivilta.lt\/wp-content\/uploads\/2022\/10\/R-modified.jpg 1920w\" sizes=\"(max-width: 350px) 100vw, 350px\" \/><\/a>\t\t\t\t\t\t\t\t\t\t\t\t\t\t\t\t\t\t\t<\/div>\r\n\t\t\t\t\t\t\t\t\t\t\t\t\t\t\t\t<div class=\"content\">\r\n\t\t\t\t\t\t\t\t\t<h3>\r\n\t\t\t\t\t\t\t\t\t\t\t\t\t\t\t\t\t\t\t\t\t<a href=\"http:\/\/aivilta.lt\">Kr\u016bm\u0173 valymo paslaugos<\/a>\r\n\t\t\t\t\t\t\t\t\t\t\t\t\t\t\t\t\t\t\t<\/h3>\r\n\t\t\t\t\t\t\t\t\t\t\t\t\t\t\t\t\t\r\n\t\t\t\t\t\t\t\t\t\t<p>Efektyviai i\u0161valome teritorijas nuo kr\u016bm\u0173 \u2014 mi\u0161kuose, pakel\u0117se, laukuose ar priva\u010diuose sklypuose.<\/p>\n\t\t\t\t\t\t\t\t\t\t\t\t\t\t\t\t\t<\/div><!--.info-->\t\r\n\t\t\t\t\t\t\t<\/div>\r\n\t\t\t\t\t\t<\/div>\r\n\t\t\t\t\t\t\t\t\t<\/div>\t\r\n\r\n\t\t\t\t\t\t\t\t\r\n\t<\/div><\/div><\/div><\/div><\/div><div id=\"pg-gb977-69e8f5c4d56a7-1\"  class=\"panel-grid panel-has-style\" ><div style=\"padding: 10px 0; \" data-overlay=\"true\" data-overlay-color=\"#000000\" class=\"panel-row-style panel-row-style-for-gb977-69e8f5c4d56a7-1\" ><div id=\"pgc-gb977-69e8f5c4d56a7-1-0\"  class=\"panel-grid-cell\" ><div id=\"panel-gb977-69e8f5c4d56a7-1-0-0\" class=\"so-panel widget widget_text panel-first-child panel-last-child\" data-index=\"2\" ><div style=\"text-align: left;\" data-title-color=\"#443f3f\" data-headings-color=\"#443f3f\" class=\"panel-widget-style panel-widget-style-for-gb977-69e8f5c4d56a7-1-0-0\" ><h3 class=\"widget-title\">Apie mus<\/h3>\t\t\t<div class=\"textwidget\"><p>Atliekame stambi\u0173, pavojing\u0173, invazini\u0173 med\u017ei\u0173, kr\u016bm\u0173 kirtimo paslaugas Ukmerg\u0117je ir aplinkiniuose rajonuose. Nupjautus med\u017eius, \u0161akas, kr\u016bmus ir kitas kirtimo atliekas surenkame, \u017eali\u0105sias atliekas pa\u0161aliname savo transportu, teritorij\u0105 paliekame sutvarkyt\u0105.<\/p>\n<p>Kelmus nu\u017eeminame nemokamai, iki \u017eem\u0117s lygio.<\/p>\n<p>Objekto, kuriame buvo atlikti kirtimo darbai, teritorij\u0105 galime pri\u017ei\u016br\u0117ti 12 m\u0117nesi\u0173.<\/p>\n<p>\u012emon\u0117 (Aivaro Sutkaus individuali \u012fmon\u0117 2019 05 02 pertvarkyta \u012f UAB &#8220;Aivilta&#8221;) atliko avaring\u0173 ir saugiam eismui pavoj\u0173 kelian\u010di\u0173 med\u017ei\u0173, augan\u010di\u0173 V\u012e &#8220;Vilniaus regiono keliai&#8221;, V\u012e &#8220;Panev\u0117\u017eio regiono keliai&#8221;, V\u012e &#8220;Utenos regiono keliai&#8221; valstybin\u0117s reik\u0161m\u0117s pri\u017ei\u016brim\u0173 keli\u0173 \u0161alikel\u0117je, pa\u0161alinimo darbus.<\/p>\n<\/div>\n\t\t<\/div><\/div><\/div><div id=\"pgc-gb977-69e8f5c4d56a7-1-1\"  class=\"panel-grid-cell\" ><div id=\"panel-gb977-69e8f5c4d56a7-1-1-0\" class=\"so-panel widget widget_text panel-first-child panel-last-child\" data-index=\"3\" ><div style=\"text-align: left;\" data-title-color=\"#443f3f\" data-headings-color=\"#443f3f\" class=\"panel-widget-style panel-widget-style-for-gb977-69e8f5c4d56a7-1-1-0\" ><h3 class=\"widget-title\">Kontaktai<\/h3>\t\t\t<div class=\"textwidget\"><ul>\n<li><strong>UAB &#8220;Aivilta&#8221;<\/strong><\/li>\n<li>\u012emon\u0117s kodas: 300090851<\/li>\n<li>PVM mok\u0117tojo kodas: LT100003597912<\/li>\n<li>\u0160viesos g. 12, Ukmerg\u0117<\/li>\n<li>Telefono numeris: +37069826262<\/li>\n<li>El. pa\u0161tas: info@aivilta.lt<\/li>\n<\/ul>\n<p><iframe loading=\"lazy\" style=\"border: 0;\" src=\"https:\/\/www.google.com\/maps\/embed?pb=!1m18!1m12!1m3!1d758.8077058035262!2d24.782372619302247!3d55.255761254055564!2m3!1f0!2f0!3f0!3m2!1i1024!2i768!4f13.1!3m3!1m2!1s0x46e799d58d2dbb55%3A0xacaee376c2d57d5b!2sUAB%20%22Aivilta%22!5e0!3m2!1slt!2slt!4v1667660001968!5m2!1slt!2slt\" allowfullscreen=\"\"><\/iframe><\/p>\n<p>&nbsp;<\/p>\n<\/div>\n\t\t<\/div><\/div><\/div><\/div><\/div><\/div>","protected":false},"excerpt":{"rendered":"","protected":false},"author":1,"featured_media":0,"parent":0,"menu_order":0,"comment_status":"closed","ping_status":"closed","template":"page-templates\/page_front-page.php","meta":[],"yoast_head":"<!-- This site is optimized with the Yoast SEO plugin v19.7.2 - https:\/\/yoast.com\/wordpress\/plugins\/seo\/ -->\n<title>Mi\u0161ko darbai Ukmerg\u0117je - UAB &quot;AIVILTA&quot;<\/title>\n<meta name=\"robots\" content=\"index, follow, max-snippet:-1, max-image-preview:large, max-video-preview:-1\" \/>\n<link rel=\"canonical\" href=\"https:\/\/aivilta.lt\/\" \/>\n<meta property=\"og:locale\" content=\"en_US\" \/>\n<meta property=\"og:type\" content=\"article\" \/>\n<meta property=\"og:title\" content=\"Mi\u0161ko darbai Ukmerg\u0117je - UAB &quot;AIVILTA&quot;\" \/>\n<meta property=\"og:url\" content=\"https:\/\/aivilta.lt\/\" \/>\n<meta property=\"og:site_name\" content=\"UAB &quot;AIVILTA&quot;\" \/>\n<meta property=\"article:modified_time\" content=\"2025-11-09T14:37:54+00:00\" \/>\n<meta property=\"og:image\" content=\"https:\/\/aivilta.lt\/wp-content\/uploads\/2022\/10\/Wood.jpg\" \/>\n<meta name=\"twitter:card\" content=\"summary_large_image\" \/>\n<meta name=\"twitter:label1\" content=\"Est. reading time\" \/>\n\t<meta name=\"twitter:data1\" content=\"3 minutes\" \/>\n<script type=\"application\/ld+json\" class=\"yoast-schema-graph\">{\"@context\":\"https:\/\/schema.org\",\"@graph\":[{\"@type\":\"WebPage\",\"@id\":\"https:\/\/aivilta.lt\/\",\"url\":\"https:\/\/aivilta.lt\/\",\"name\":\"Mi\u0161ko darbai Ukmerg\u0117je - UAB &quot;AIVILTA&quot;\",\"isPartOf\":{\"@id\":\"https:\/\/aivilta.lt\/#website\"},\"datePublished\":\"2022-10-05T14:33:00+00:00\",\"dateModified\":\"2025-11-09T14:37:54+00:00\",\"breadcrumb\":{\"@id\":\"https:\/\/aivilta.lt\/#breadcrumb\"},\"inLanguage\":\"en-US\",\"potentialAction\":[{\"@type\":\"ReadAction\",\"target\":[\"https:\/\/aivilta.lt\/\"]}]},{\"@type\":\"BreadcrumbList\",\"@id\":\"https:\/\/aivilta.lt\/#breadcrumb\",\"itemListElement\":[{\"@type\":\"ListItem\",\"position\":1,\"name\":\"Home\",\"item\":\"https:\/\/aivilta.lt\/\"},{\"@type\":\"ListItem\",\"position\":2,\"name\":\"Mi\u0161ko darbai Ukmerg\u0117je\"}]},{\"@type\":\"WebSite\",\"@id\":\"https:\/\/aivilta.lt\/#website\",\"url\":\"https:\/\/aivilta.lt\/\",\"name\":\"UAB &quot;AIVILTA&quot;\",\"description\":\"Mi\u0161ko darb\u0173 \u012fmon\u0117 Ukmerg\u0117je\",\"potentialAction\":[{\"@type\":\"SearchAction\",\"target\":{\"@type\":\"EntryPoint\",\"urlTemplate\":\"https:\/\/aivilta.lt\/?s={search_term_string}\"},\"query-input\":\"required name=search_term_string\"}],\"inLanguage\":\"en-US\"}]}<\/script>\n<!-- \/ Yoast SEO plugin. -->","yoast_head_json":{"title":"Mi\u0161ko darbai Ukmerg\u0117je - UAB &quot;AIVILTA&quot;","robots":{"index":"index","follow":"follow","max-snippet":"max-snippet:-1","max-image-preview":"max-image-preview:large","max-video-preview":"max-video-preview:-1"},"canonical":"https:\/\/aivilta.lt\/","og_locale":"en_US","og_type":"article","og_title":"Mi\u0161ko darbai Ukmerg\u0117je - UAB &quot;AIVILTA&quot;","og_url":"https:\/\/aivilta.lt\/","og_site_name":"UAB &quot;AIVILTA&quot;","article_modified_time":"2025-11-09T14:37:54+00:00","og_image":[{"url":"https:\/\/aivilta.lt\/wp-content\/uploads\/2022\/10\/Wood.jpg"}],"twitter_card":"summary_large_image","twitter_misc":{"Est. reading time":"3 minutes"},"schema":{"@context":"https:\/\/schema.org","@graph":[{"@type":"WebPage","@id":"https:\/\/aivilta.lt\/","url":"https:\/\/aivilta.lt\/","name":"Mi\u0161ko darbai Ukmerg\u0117je - UAB &quot;AIVILTA&quot;","isPartOf":{"@id":"https:\/\/aivilta.lt\/#website"},"datePublished":"2022-10-05T14:33:00+00:00","dateModified":"2025-11-09T14:37:54+00:00","breadcrumb":{"@id":"https:\/\/aivilta.lt\/#breadcrumb"},"inLanguage":"en-US","potentialAction":[{"@type":"ReadAction","target":["https:\/\/aivilta.lt\/"]}]},{"@type":"BreadcrumbList","@id":"https:\/\/aivilta.lt\/#breadcrumb","itemListElement":[{"@type":"ListItem","position":1,"name":"Home","item":"https:\/\/aivilta.lt\/"},{"@type":"ListItem","position":2,"name":"Mi\u0161ko darbai Ukmerg\u0117je"}]},{"@type":"WebSite","@id":"https:\/\/aivilta.lt\/#website","url":"https:\/\/aivilta.lt\/","name":"UAB &quot;AIVILTA&quot;","description":"Mi\u0161ko darb\u0173 \u012fmon\u0117 Ukmerg\u0117je","potentialAction":[{"@type":"SearchAction","target":{"@type":"EntryPoint","urlTemplate":"https:\/\/aivilta.lt\/?s={search_term_string}"},"query-input":"required name=search_term_string"}],"inLanguage":"en-US"}]}},"_links":{"self":[{"href":"https:\/\/aivilta.lt\/index.php\/wp-json\/wp\/v2\/pages\/977"}],"collection":[{"href":"https:\/\/aivilta.lt\/index.php\/wp-json\/wp\/v2\/pages"}],"about":[{"href":"https:\/\/aivilta.lt\/index.php\/wp-json\/wp\/v2\/types\/page"}],"author":[{"embeddable":true,"href":"https:\/\/aivilta.lt\/index.php\/wp-json\/wp\/v2\/users\/1"}],"replies":[{"embeddable":true,"href":"https:\/\/aivilta.lt\/index.php\/wp-json\/wp\/v2\/comments?post=977"}],"version-history":[{"count":61,"href":"https:\/\/aivilta.lt\/index.php\/wp-json\/wp\/v2\/pages\/977\/revisions"}],"predecessor-version":[{"id":1143,"href":"https:\/\/aivilta.lt\/index.php\/wp-json\/wp\/v2\/pages\/977\/revisions\/1143"}],"wp:attachment":[{"href":"https:\/\/aivilta.lt\/index.php\/wp-json\/wp\/v2\/media?parent=977"}],"curies":[{"name":"wp","href":"https:\/\/api.w.org\/{rel}","templated":true}]}}